{"id":356,"date":"2013-12-23T13:33:31","date_gmt":"2013-12-23T13:33:31","guid":{"rendered":"http:\/\/pruebas.blackirudifaktoria.com\/?page_id=356"},"modified":"2014-03-29T18:23:17","modified_gmt":"2014-03-29T18:23:17","slug":"galeria-2","status":"publish","type":"page","link":"https:\/\/blackirudifaktoria.com\/es\/galeria-2\/","title":{"rendered":"GALER\u00cdA"},"content":{"rendered":"","protected":false},"excerpt":{"rendered":"","protected":false},"author":1,"featured_media":4966,"parent":0,"menu_order":0,"comment_status":"open","ping_status":"open","template":"","meta":{"tanit_custom_css":""},"yoast_head":"<!-- This site is optimized with the Yoast SEO plugin v20.9 - https:\/\/yoast.com\/wordpress\/plugins\/seo\/ -->\n<title>GALER\u00cdA - Black Irudi Faktoria<\/title>\n<meta name=\"robots\" content=\"index, follow, max-snippet:-1, max-image-preview:large, max-video-preview:-1\" \/>\n<link rel=\"canonical\" href=\"https:\/\/blackirudifaktoria.com\/es\/galeria-2\/\" \/>\n<meta property=\"og:locale\" content=\"es_ES\" \/>\n<meta property=\"og:type\" content=\"article\" \/>\n<meta property=\"og:title\" content=\"GALER\u00cdA - Black Irudi Faktoria\" \/>\n<meta property=\"og:url\" content=\"https:\/\/blackirudifaktoria.com\/es\/galeria-2\/\" \/>\n<meta property=\"og:site_name\" content=\"Black Irudi Faktoria\" \/>\n<meta property=\"article:modified_time\" content=\"2014-03-29T18:23:17+00:00\" \/>\n<meta property=\"og:image\" content=\"https:\/\/blackirudifaktoria.com\/wp-content\/uploads\/2023\/07\/Pasaia-portua-2009-V-27.jpeg\" \/>\n\t<meta property=\"og:image:width\" content=\"1134\" \/>\n\t<meta property=\"og:image:height\" content=\"745\" \/>\n\t<meta property=\"og:image:type\" content=\"image\/jpeg\" \/>\n<script type=\"application\/ld+json\" class=\"yoast-schema-graph\">{\"@context\":\"https:\/\/schema.org\",\"@graph\":[{\"@type\":\"WebPage\",\"@id\":\"https:\/\/blackirudifaktoria.com\/es\/galeria-2\/\",\"url\":\"https:\/\/blackirudifaktoria.com\/es\/galeria-2\/\",\"name\":\"GALER\u00cdA - Black Irudi Faktoria\",\"isPartOf\":{\"@id\":\"https:\/\/blackirudifaktoria.com\/es\/#website\"},\"datePublished\":\"2013-12-23T13:33:31+00:00\",\"dateModified\":\"2014-03-29T18:23:17+00:00\",\"inLanguage\":\"es\",\"potentialAction\":[{\"@type\":\"ReadAction\",\"target\":[\"https:\/\/blackirudifaktoria.com\/es\/galeria-2\/\"]}]},{\"@type\":\"WebSite\",\"@id\":\"https:\/\/blackirudifaktoria.com\/es\/#website\",\"url\":\"https:\/\/blackirudifaktoria.com\/es\/\",\"name\":\"Black Irudi Faktoria\",\"description\":\"Argazkigintza, Fotograf\u00eda, Estudio, Formaci\u00f3n, Galeria, Argazkiak, Eskola, Erakusketak, Exposiciones Fotogr\u00e1ficas.\",\"publisher\":{\"@id\":\"https:\/\/blackirudifaktoria.com\/es\/#organization\"},\"potentialAction\":[{\"@type\":\"SearchAction\",\"target\":{\"@type\":\"EntryPoint\",\"urlTemplate\":\"https:\/\/blackirudifaktoria.com\/es\/?s={search_term_string}\"},\"query-input\":\"required name=search_term_string\"}],\"inLanguage\":\"es\"},{\"@type\":\"Organization\",\"@id\":\"https:\/\/blackirudifaktoria.com\/es\/#organization\",\"name\":\"Black Irudi Faktoria\",\"url\":\"https:\/\/blackirudifaktoria.com\/es\/\",\"logo\":{\"@type\":\"ImageObject\",\"inLanguage\":\"es\",\"@id\":\"https:\/\/blackirudifaktoria.com\/es\/#\/schema\/logo\/image\/\",\"url\":\"https:\/\/blackirudifaktoria.com\/wp-content\/uploads\/2023\/10\/LOGO-1356-edited.jpg\",\"contentUrl\":\"https:\/\/blackirudifaktoria.com\/wp-content\/uploads\/2023\/10\/LOGO-1356-edited.jpg\",\"width\":466,\"height\":407,\"caption\":\"Black Irudi Faktoria\"},\"image\":{\"@id\":\"https:\/\/blackirudifaktoria.com\/es\/#\/schema\/logo\/image\/\"}}]}<\/script>\n<!-- \/ Yoast SEO plugin. -->","yoast_head_json":{"title":"GALER\u00cdA - Black Irudi Faktoria","robots":{"index":"index","follow":"follow","max-snippet":"max-snippet:-1","max-image-preview":"max-image-preview:large","max-video-preview":"max-video-preview:-1"},"canonical":"https:\/\/blackirudifaktoria.com\/es\/galeria-2\/","og_locale":"es_ES","og_type":"article","og_title":"GALER\u00cdA - Black Irudi Faktoria","og_url":"https:\/\/blackirudifaktoria.com\/es\/galeria-2\/","og_site_name":"Black Irudi Faktoria","article_modified_time":"2014-03-29T18:23:17+00:00","og_image":[{"width":1134,"height":745,"url":"https:\/\/blackirudifaktoria.com\/wp-content\/uploads\/2023\/07\/Pasaia-portua-2009-V-27.jpeg","type":"image\/jpeg"}],"schema":{"@context":"https:\/\/schema.org","@graph":[{"@type":"WebPage","@id":"https:\/\/blackirudifaktoria.com\/es\/galeria-2\/","url":"https:\/\/blackirudifaktoria.com\/es\/galeria-2\/","name":"GALER\u00cdA - Black Irudi Faktoria","isPartOf":{"@id":"https:\/\/blackirudifaktoria.com\/es\/#website"},"datePublished":"2013-12-23T13:33:31+00:00","dateModified":"2014-03-29T18:23:17+00:00","inLanguage":"es","potentialAction":[{"@type":"ReadAction","target":["https:\/\/blackirudifaktoria.com\/es\/galeria-2\/"]}]},{"@type":"WebSite","@id":"https:\/\/blackirudifaktoria.com\/es\/#website","url":"https:\/\/blackirudifaktoria.com\/es\/","name":"Black Irudi Faktoria","description":"Argazkigintza, Fotograf\u00eda, Estudio, Formaci\u00f3n, Galeria, Argazkiak, Eskola, Erakusketak, Exposiciones Fotogr\u00e1ficas.","publisher":{"@id":"https:\/\/blackirudifaktoria.com\/es\/#organization"},"potentialAction":[{"@type":"SearchAction","target":{"@type":"EntryPoint","urlTemplate":"https:\/\/blackirudifaktoria.com\/es\/?s={search_term_string}"},"query-input":"required name=search_term_string"}],"inLanguage":"es"},{"@type":"Organization","@id":"https:\/\/blackirudifaktoria.com\/es\/#organization","name":"Black Irudi Faktoria","url":"https:\/\/blackirudifaktoria.com\/es\/","logo":{"@type":"ImageObject","inLanguage":"es","@id":"https:\/\/blackirudifaktoria.com\/es\/#\/schema\/logo\/image\/","url":"https:\/\/blackirudifaktoria.com\/wp-content\/uploads\/2023\/10\/LOGO-1356-edited.jpg","contentUrl":"https:\/\/blackirudifaktoria.com\/wp-content\/uploads\/2023\/10\/LOGO-1356-edited.jpg","width":466,"height":407,"caption":"Black Irudi Faktoria"},"image":{"@id":"https:\/\/blackirudifaktoria.com\/es\/#\/schema\/logo\/image\/"}}]}},"_links":{"self":[{"href":"https:\/\/blackirudifaktoria.com\/es\/wp-json\/wp\/v2\/pages\/356"}],"collection":[{"href":"https:\/\/blackirudifaktoria.com\/es\/wp-json\/wp\/v2\/pages"}],"about":[{"href":"https:\/\/blackirudifaktoria.com\/es\/wp-json\/wp\/v2\/types\/page"}],"author":[{"embeddable":true,"href":"https:\/\/blackirudifaktoria.com\/es\/wp-json\/wp\/v2\/users\/1"}],"replies":[{"embeddable":true,"href":"https:\/\/blackirudifaktoria.com\/es\/wp-json\/wp\/v2\/comments?post=356"}],"version-history":[{"count":2,"href":"https:\/\/blackirudifaktoria.com\/es\/wp-json\/wp\/v2\/pages\/356\/revisions"}],"predecessor-version":[{"id":358,"href":"https:\/\/blackirudifaktoria.com\/es\/wp-json\/wp\/v2\/pages\/356\/revisions\/358"}],"wp:featuredmedia":[{"embeddable":true,"href":"https:\/\/blackirudifaktoria.com\/es\/wp-json\/wp\/v2\/media\/4966"}],"wp:attachment":[{"href":"https:\/\/blackirudifaktoria.com\/es\/wp-json\/wp\/v2\/media?parent=356"}],"curies":[{"name":"wp","href":"https:\/\/api.w.org\/{rel}","templated":true}]}}