{"id":5567,"date":"2023-09-26T08:42:39","date_gmt":"2023-09-26T08:42:39","guid":{"rendered":"https:\/\/blackirudifaktoria.com\/?page_id=5567"},"modified":"2023-12-15T10:01:32","modified_gmt":"2023-12-15T10:01:32","slug":"carbon-transfer-procesos-antiguos","status":"publish","type":"page","link":"https:\/\/blackirudifaktoria.com\/es\/carbon-transfer-procesos-antiguos\/","title":{"rendered":"Carb\u00f3n transfer \/ Procesos antiguos"},"content":{"rendered":"\n<figure data-tanit-img-width=\"759\" data-tanit-img-height=\"742\" class=\"wp-block-image aligncenter size-full\"><a href=\"https:\/\/blackirudifaktoria.com\/wp-content\/uploads\/2023\/10\/IKATZ-99922.jpg\"><img decoding=\"async\" loading=\"lazy\" width=\"759\" height=\"742\" src=\"https:\/\/blackirudifaktoria.com\/wp-content\/uploads\/2023\/10\/IKATZ-99922.jpg\" alt=\"\" class=\"wp-image-5413\" srcset=\"https:\/\/blackirudifaktoria.com\/wp-content\/uploads\/2023\/10\/IKATZ-99922.jpg 759w, https:\/\/blackirudifaktoria.com\/wp-content\/uploads\/2023\/10\/IKATZ-99922-300x293.jpg 300w\" sizes=\"(max-width: 759px) 100vw, 759px\" \/><\/a><\/figure>\n\n\n\n<figure data-tanit-img-width=\"827\" data-tanit-img-height=\"565\" class=\"wp-block-image aligncenter size-full\"><a href=\"https:\/\/blackirudifaktoria.com\/wp-content\/uploads\/2023\/10\/ika-04.jpg\"><img decoding=\"async\" loading=\"lazy\" width=\"827\" height=\"565\" src=\"https:\/\/blackirudifaktoria.com\/wp-content\/uploads\/2023\/10\/ika-04.jpg\" alt=\"\" class=\"wp-image-5392\" srcset=\"https:\/\/blackirudifaktoria.com\/wp-content\/uploads\/2023\/10\/ika-04.jpg 827w, https:\/\/blackirudifaktoria.com\/wp-content\/uploads\/2023\/10\/ika-04-300x205.jpg 300w, https:\/\/blackirudifaktoria.com\/wp-content\/uploads\/2023\/10\/ika-04-768x525.jpg 768w\" sizes=\"(max-width: 827px) 100vw, 827px\" \/><\/a><\/figure>\n\n\n\n<figure data-tanit-img-width=\"552\" data-tanit-img-height=\"781\" class=\"wp-block-image aligncenter size-full\"><a href=\"https:\/\/blackirudifaktoria.com\/wp-content\/uploads\/2023\/10\/IKA-02.jpg\"><img decoding=\"async\" loading=\"lazy\" width=\"552\" height=\"781\" src=\"https:\/\/blackirudifaktoria.com\/wp-content\/uploads\/2023\/10\/IKA-02.jpg\" alt=\"\" class=\"wp-image-5397\" srcset=\"https:\/\/blackirudifaktoria.com\/wp-content\/uploads\/2023\/10\/IKA-02.jpg 552w, https:\/\/blackirudifaktoria.com\/wp-content\/uploads\/2023\/10\/IKA-02-212x300.jpg 212w\" sizes=\"(max-width: 552px) 100vw, 552px\" \/><\/a><\/figure>\n\n\n\n<figure data-tanit-img-width=\"827\" data-tanit-img-height=\"582\" class=\"wp-block-image aligncenter size-full\"><a href=\"https:\/\/blackirudifaktoria.com\/wp-content\/uploads\/2023\/10\/IKA-01-2.jpg\"><img decoding=\"async\" loading=\"lazy\" width=\"827\" height=\"582\" src=\"https:\/\/blackirudifaktoria.com\/wp-content\/uploads\/2023\/10\/IKA-01-2.jpg\" alt=\"\" class=\"wp-image-5407\" srcset=\"https:\/\/blackirudifaktoria.com\/wp-content\/uploads\/2023\/10\/IKA-01-2.jpg 827w, https:\/\/blackirudifaktoria.com\/wp-content\/uploads\/2023\/10\/IKA-01-2-300x211.jpg 300w, https:\/\/blackirudifaktoria.com\/wp-content\/uploads\/2023\/10\/IKA-01-2-768x540.jpg 768w\" sizes=\"(max-width: 827px) 100vw, 827px\" \/><\/a><\/figure>\n\n\n\n<figure data-tanit-img-width=\"621\" data-tanit-img-height=\"827\" class=\"wp-block-image aligncenter size-full\"><a href=\"https:\/\/blackirudifaktoria.com\/wp-content\/uploads\/2023\/10\/IKA-03.jpg\"><img decoding=\"async\" loading=\"lazy\" width=\"621\" height=\"827\" src=\"https:\/\/blackirudifaktoria.com\/wp-content\/uploads\/2023\/10\/IKA-03.jpg\" alt=\"\" class=\"wp-image-5399\" srcset=\"https:\/\/blackirudifaktoria.com\/wp-content\/uploads\/2023\/10\/IKA-03.jpg 621w, https:\/\/blackirudifaktoria.com\/wp-content\/uploads\/2023\/10\/IKA-03-225x300.jpg 225w\" sizes=\"(max-width: 621px) 100vw, 621px\" \/><\/a><\/figure>\n\n\n\n<figure data-tanit-img-width=\"827\" data-tanit-img-height=\"592\" class=\"wp-block-image aligncenter size-full\"><a href=\"https:\/\/blackirudifaktoria.com\/wp-content\/uploads\/2023\/10\/IKA-05.jpg\"><img decoding=\"async\" loading=\"lazy\" width=\"827\" height=\"592\" src=\"https:\/\/blackirudifaktoria.com\/wp-content\/uploads\/2023\/10\/IKA-05.jpg\" alt=\"\" class=\"wp-image-5401\" srcset=\"https:\/\/blackirudifaktoria.com\/wp-content\/uploads\/2023\/10\/IKA-05.jpg 827w, https:\/\/blackirudifaktoria.com\/wp-content\/uploads\/2023\/10\/IKA-05-300x215.jpg 300w, https:\/\/blackirudifaktoria.com\/wp-content\/uploads\/2023\/10\/IKA-05-768x550.jpg 768w\" sizes=\"(max-width: 827px) 100vw, 827px\" \/><\/a><\/figure>\n","protected":false},"excerpt":{"rendered":"","protected":false},"author":2,"featured_media":0,"parent":0,"menu_order":0,"comment_status":"closed","ping_status":"closed","template":"","meta":{"tanit_custom_css":""},"yoast_head":"<!-- This site is optimized with the Yoast SEO plugin v20.9 - https:\/\/yoast.com\/wordpress\/plugins\/seo\/ -->\n<title>Carb\u00f3n transfer \/ Procesos antiguos - Black Irudi Faktoria<\/title>\n<meta name=\"robots\" content=\"index, follow, max-snippet:-1, max-image-preview:large, max-video-preview:-1\" \/>\n<link rel=\"canonical\" href=\"https:\/\/blackirudifaktoria.com\/es\/carbon-transfer-procesos-antiguos\/\" \/>\n<meta property=\"og:locale\" content=\"es_ES\" \/>\n<meta property=\"og:type\" content=\"article\" \/>\n<meta property=\"og:title\" content=\"Carb\u00f3n transfer \/ Procesos antiguos - Black Irudi Faktoria\" \/>\n<meta property=\"og:url\" content=\"https:\/\/blackirudifaktoria.com\/es\/carbon-transfer-procesos-antiguos\/\" \/>\n<meta property=\"og:site_name\" content=\"Black Irudi Faktoria\" \/>\n<meta property=\"article:modified_time\" content=\"2023-12-15T10:01:32+00:00\" \/>\n<meta property=\"og:image\" content=\"https:\/\/blackirudifaktoria.com\/wp-content\/uploads\/2023\/10\/IKATZ-99922.jpg\" \/>\n<meta name=\"twitter:label1\" content=\"Tiempo de lectura\" \/>\n\t<meta name=\"twitter:data1\" content=\"2 minutos\" \/>\n<script type=\"application\/ld+json\" class=\"yoast-schema-graph\">{\"@context\":\"https:\/\/schema.org\",\"@graph\":[{\"@type\":\"WebPage\",\"@id\":\"https:\/\/blackirudifaktoria.com\/es\/carbon-transfer-procesos-antiguos\/\",\"url\":\"https:\/\/blackirudifaktoria.com\/es\/carbon-transfer-procesos-antiguos\/\",\"name\":\"Carb\u00f3n transfer \/ Procesos antiguos - Black Irudi Faktoria\",\"isPartOf\":{\"@id\":\"https:\/\/blackirudifaktoria.com\/es\/#website\"},\"datePublished\":\"2023-09-26T08:42:39+00:00\",\"dateModified\":\"2023-12-15T10:01:32+00:00\",\"inLanguage\":\"es\",\"potentialAction\":[{\"@type\":\"ReadAction\",\"target\":[\"https:\/\/blackirudifaktoria.com\/es\/carbon-transfer-procesos-antiguos\/\"]}]},{\"@type\":\"WebSite\",\"@id\":\"https:\/\/blackirudifaktoria.com\/es\/#website\",\"url\":\"https:\/\/blackirudifaktoria.com\/es\/\",\"name\":\"Black Irudi Faktoria\",\"description\":\"Argazkigintza, Fotograf\u00eda, Estudio, Formaci\u00f3n, Galeria, Argazkiak, Eskola, Erakusketak, Exposiciones Fotogr\u00e1ficas.\",\"publisher\":{\"@id\":\"https:\/\/blackirudifaktoria.com\/es\/#organization\"},\"potentialAction\":[{\"@type\":\"SearchAction\",\"target\":{\"@type\":\"EntryPoint\",\"urlTemplate\":\"https:\/\/blackirudifaktoria.com\/es\/?s={search_term_string}\"},\"query-input\":\"required name=search_term_string\"}],\"inLanguage\":\"es\"},{\"@type\":\"Organization\",\"@id\":\"https:\/\/blackirudifaktoria.com\/es\/#organization\",\"name\":\"Black Irudi Faktoria\",\"url\":\"https:\/\/blackirudifaktoria.com\/es\/\",\"logo\":{\"@type\":\"ImageObject\",\"inLanguage\":\"es\",\"@id\":\"https:\/\/blackirudifaktoria.com\/es\/#\/schema\/logo\/image\/\",\"url\":\"https:\/\/blackirudifaktoria.com\/wp-content\/uploads\/2023\/10\/LOGO-1356-edited.jpg\",\"contentUrl\":\"https:\/\/blackirudifaktoria.com\/wp-content\/uploads\/2023\/10\/LOGO-1356-edited.jpg\",\"width\":466,\"height\":407,\"caption\":\"Black Irudi Faktoria\"},\"image\":{\"@id\":\"https:\/\/blackirudifaktoria.com\/es\/#\/schema\/logo\/image\/\"}}]}<\/script>\n<!-- \/ Yoast SEO plugin. -->","yoast_head_json":{"title":"Carb\u00f3n transfer \/ Procesos antiguos - Black Irudi Faktoria","robots":{"index":"index","follow":"follow","max-snippet":"max-snippet:-1","max-image-preview":"max-image-preview:large","max-video-preview":"max-video-preview:-1"},"canonical":"https:\/\/blackirudifaktoria.com\/es\/carbon-transfer-procesos-antiguos\/","og_locale":"es_ES","og_type":"article","og_title":"Carb\u00f3n transfer \/ Procesos antiguos - Black Irudi Faktoria","og_url":"https:\/\/blackirudifaktoria.com\/es\/carbon-transfer-procesos-antiguos\/","og_site_name":"Black Irudi Faktoria","article_modified_time":"2023-12-15T10:01:32+00:00","og_image":[{"url":"https:\/\/blackirudifaktoria.com\/wp-content\/uploads\/2023\/10\/IKATZ-99922.jpg"}],"twitter_misc":{"Tiempo de lectura":"2 minutos"},"schema":{"@context":"https:\/\/schema.org","@graph":[{"@type":"WebPage","@id":"https:\/\/blackirudifaktoria.com\/es\/carbon-transfer-procesos-antiguos\/","url":"https:\/\/blackirudifaktoria.com\/es\/carbon-transfer-procesos-antiguos\/","name":"Carb\u00f3n transfer \/ Procesos antiguos - Black Irudi Faktoria","isPartOf":{"@id":"https:\/\/blackirudifaktoria.com\/es\/#website"},"datePublished":"2023-09-26T08:42:39+00:00","dateModified":"2023-12-15T10:01:32+00:00","inLanguage":"es","potentialAction":[{"@type":"ReadAction","target":["https:\/\/blackirudifaktoria.com\/es\/carbon-transfer-procesos-antiguos\/"]}]},{"@type":"WebSite","@id":"https:\/\/blackirudifaktoria.com\/es\/#website","url":"https:\/\/blackirudifaktoria.com\/es\/","name":"Black Irudi Faktoria","description":"Argazkigintza, Fotograf\u00eda, Estudio, Formaci\u00f3n, Galeria, Argazkiak, Eskola, Erakusketak, Exposiciones Fotogr\u00e1ficas.","publisher":{"@id":"https:\/\/blackirudifaktoria.com\/es\/#organization"},"potentialAction":[{"@type":"SearchAction","target":{"@type":"EntryPoint","urlTemplate":"https:\/\/blackirudifaktoria.com\/es\/?s={search_term_string}"},"query-input":"required name=search_term_string"}],"inLanguage":"es"},{"@type":"Organization","@id":"https:\/\/blackirudifaktoria.com\/es\/#organization","name":"Black Irudi Faktoria","url":"https:\/\/blackirudifaktoria.com\/es\/","logo":{"@type":"ImageObject","inLanguage":"es","@id":"https:\/\/blackirudifaktoria.com\/es\/#\/schema\/logo\/image\/","url":"https:\/\/blackirudifaktoria.com\/wp-content\/uploads\/2023\/10\/LOGO-1356-edited.jpg","contentUrl":"https:\/\/blackirudifaktoria.com\/wp-content\/uploads\/2023\/10\/LOGO-1356-edited.jpg","width":466,"height":407,"caption":"Black Irudi Faktoria"},"image":{"@id":"https:\/\/blackirudifaktoria.com\/es\/#\/schema\/logo\/image\/"}}]}},"_links":{"self":[{"href":"https:\/\/blackirudifaktoria.com\/es\/wp-json\/wp\/v2\/pages\/5567"}],"collection":[{"href":"https:\/\/blackirudifaktoria.com\/es\/wp-json\/wp\/v2\/pages"}],"about":[{"href":"https:\/\/blackirudifaktoria.com\/es\/wp-json\/wp\/v2\/types\/page"}],"author":[{"embeddable":true,"href":"https:\/\/blackirudifaktoria.com\/es\/wp-json\/wp\/v2\/users\/2"}],"replies":[{"embeddable":true,"href":"https:\/\/blackirudifaktoria.com\/es\/wp-json\/wp\/v2\/comments?post=5567"}],"version-history":[{"count":1,"href":"https:\/\/blackirudifaktoria.com\/es\/wp-json\/wp\/v2\/pages\/5567\/revisions"}],"predecessor-version":[{"id":5568,"href":"https:\/\/blackirudifaktoria.com\/es\/wp-json\/wp\/v2\/pages\/5567\/revisions\/5568"}],"wp:attachment":[{"href":"https:\/\/blackirudifaktoria.com\/es\/wp-json\/wp\/v2\/media?parent=5567"}],"curies":[{"name":"wp","href":"https:\/\/api.w.org\/{rel}","templated":true}]}}